{"id":653,"date":"2025-04-24T14:57:17","date_gmt":"2025-04-24T14:57:17","guid":{"rendered":"https:\/\/conquistadora.us\/?page_id=653"},"modified":"2025-04-24T14:57:17","modified_gmt":"2025-04-24T14:57:17","slug":"sobre-nosotros-2","status":"publish","type":"page","link":"https:\/\/conquistadora.us\/es\/sobre-nosotros-2\/","title":{"rendered":"Sobre nosotros"},"content":{"rendered":"\t\t<div data-elementor-type=\"wp-page\" data-elementor-id=\"653\" class=\"elementor elementor-653 elementor-652\" data-elementor-post-type=\"page\">\n\t\t\t\t\t\t<section class=\"elementor-section elementor-top-section elementor-element elementor-element-15408b81 elementor-section-full_width elementor-section-height-default elementor-section-height-default\" data-id=\"15408b81\" data-element_type=\"section\" data-e-type=\"section\">\n\t\t\t\t\t\t<div class=\"elementor-container elementor-column-gap-default\">\n\t\t\t\t\t<div class=\"elementor-column elementor-col-100 elementor-top-column elementor-element elementor-element-5c4b811\" data-id=\"5c4b811\" data-element_type=\"column\" data-e-type=\"column\">\n\t\t\t<div class=\"elementor-widget-wrap elementor-element-populated\">\n\t\t\t\t\t\t<section class=\"elementor-section elementor-inner-section elementor-element elementor-element-5b6935c5 elementor-section-boxed elementor-section-height-default elementor-section-height-default\" data-id=\"5b6935c5\" data-element_type=\"section\" data-e-type=\"section\">\n\t\t\t\t\t\t<div class=\"elementor-container elementor-column-gap-default\">\n\t\t\t\t\t<div class=\"elementor-column elementor-col-100 elementor-inner-column elementor-element elementor-element-6c1ecd61\" data-id=\"6c1ecd61\" data-element_type=\"column\" data-e-type=\"column\">\n\t\t\t<div class=\"elementor-widget-wrap elementor-element-populated\">\n\t\t\t\t\t\t<div class=\"elementor-element elementor-element-267f7c5d elementor-invisible elementor-widget elementor-widget-heading\" data-id=\"267f7c5d\" data-element_type=\"widget\" data-e-type=\"widget\" data-settings=\"{&quot;_animation&quot;:&quot;fadeInDown&quot;}\" data-widget_type=\"heading.default\">\n\t\t\t\t<div class=\"elementor-widget-container\">\n\t\t\t\t\t<h1 class=\"elementor-heading-title elementor-size-default\">Sobre nosotros<\/h1>\t\t\t\t<\/div>\n\t\t\t\t<\/div>\n\t\t\t\t\t<\/div>\n\t\t<\/div>\n\t\t\t\t\t<\/div>\n\t\t<\/section>\n\t\t\t\t<section class=\"elementor-section elementor-inner-section elementor-element elementor-element-2b9f6b7f elementor-reverse-mobile elementor-section-boxed elementor-section-height-default elementor-section-height-default\" data-id=\"2b9f6b7f\" data-element_type=\"section\" data-e-type=\"section\">\n\t\t\t\t\t\t<div class=\"elementor-container elementor-column-gap-default\">\n\t\t\t\t\t<div class=\"elementor-column elementor-col-100 elementor-inner-column elementor-element elementor-element-427050c8\" data-id=\"427050c8\" data-element_type=\"column\" data-e-type=\"column\">\n\t\t\t<div class=\"elementor-widget-wrap elementor-element-populated\">\n\t\t\t\t\t\t<div class=\"elementor-element elementor-element-3ddb0d4 elementor-widget elementor-widget-text-editor\" data-id=\"3ddb0d4\" data-element_type=\"widget\" data-e-type=\"widget\" data-widget_type=\"text-editor.default\">\n\t\t\t\t<div class=\"elementor-widget-container\">\n\t\t\t\t\t\t\t\t\t<p>Naci\u00f3 en 1999 en Madrid, Espa\u00f1a, como un centro de innovaci\u00f3n e investigaci\u00f3n en TI que proporciona desarrollo altamente cualificado a empresas l\u00edderes. En 25 a\u00f1os de creaci\u00f3n y gesti\u00f3n de empresas de TI y otros negocios, hemos desarrollado capacidades de an\u00e1lisis e investigaci\u00f3n de mercados, trabajando para los principales actores para ayudarles a optimizar el uso de la Tecnolog\u00eda y los Sistemas de Informaci\u00f3n, prest\u00e1ndoles servicios de consultor\u00eda y asesoramiento para el crecimiento rentable, desarrollando Apps, implantando ERPs, construyendo e-commerce y diferentes plataformas en Espa\u00f1a y otros pa\u00edses, llegando pr\u00e1cticamente a todos los sectores productivos.<\/p><p>Al desarrollar nuevas empresas y abrir nuevos mercados para los Clientes, hemos aprendido a analizar, estudiar, resumir e informar sobre oportunidades, a tener \u00e9xito en la ejecuci\u00f3n de planes de negocio orientados a objetivos, y hemos ayudado a negociar, adquirir e integrar empresas. Con experiencia en pa\u00edses de habla hispana y en EEUU, nuestro equipo ha ayudado a muchos clientes a desplegar su negocio en el extranjero.<\/p><p>La sede de la empresa se traslad\u00f3 a Dallas, Texas, en 2019, para desarrollar el mercado estadounidense. Con la ayuda de nuestros socios, el apoyo de nuestros inversores y la experiencia de nuestro equipo, seguimos encontrando, analizando, desarrollando, eligiendo y realizando nuevos proyectos.<\/p>\t\t\t\t\t\t\t\t<\/div>\n\t\t\t\t<\/div>\n\t\t\t\t<div class=\"elementor-element elementor-element-bb88c5b elementor-widget elementor-widget-gallery\" data-id=\"bb88c5b\" data-element_type=\"widget\" data-e-type=\"widget\" data-settings=\"{&quot;columns&quot;:2,&quot;gap&quot;:{&quot;unit&quot;:&quot;px&quot;,&quot;size&quot;:0,&quot;sizes&quot;:[]},&quot;lazyload&quot;:&quot;yes&quot;,&quot;gallery_layout&quot;:&quot;grid&quot;,&quot;columns_tablet&quot;:2,&quot;columns_mobile&quot;:1,&quot;gap_widescreen&quot;:{&quot;unit&quot;:&quot;px&quot;,&quot;size&quot;:&quot;&quot;,&quot;sizes&quot;:[]},&quot;gap_tablet&quot;:{&quot;unit&quot;:&quot;px&quot;,&quot;size&quot;:10,&quot;sizes&quot;:[]},&quot;gap_mobile&quot;:{&quot;unit&quot;:&quot;px&quot;,&quot;size&quot;:10,&quot;sizes&quot;:[]},&quot;link_to&quot;:&quot;file&quot;,&quot;aspect_ratio&quot;:&quot;3:2&quot;,&quot;overlay_background&quot;:&quot;yes&quot;,&quot;content_hover_animation&quot;:&quot;fade-in&quot;}\" data-widget_type=\"gallery.default\">\n\t\t\t\t<div class=\"elementor-widget-container\">\n\t\t\t\t\t\t\t<div class=\"elementor-gallery__container\">\n\t\t\t\t\t\t\t<a class=\"e-gallery-item elementor-gallery-item elementor-animated-content\" href=\"https:\/\/conquistadora.us\/wp-content\/uploads\/2024\/11\/jorge-fernandez-salas-ChSZETOal-I-unsplash-1-1-scaled.jpg\" data-elementor-open-lightbox=\"yes\" data-elementor-lightbox-slideshow=\"bb88c5b\" data-elementor-lightbox-title=\"Madrid\" data-e-action-hash=\"#elementor-action%3Aaction%3Dlightbox%26settings%3DeyJpZCI6MjM5LCJ1cmwiOiJodHRwczpcL1wvY29ucXVpc3RhZG9yYS51c1wvd3AtY29udGVudFwvdXBsb2Fkc1wvMjAyNFwvMTFcL2pvcmdlLWZlcm5hbmRlei1zYWxhcy1DaFNaRVRPYWwtSS11bnNwbGFzaC0xLTEtc2NhbGVkLmpwZyIsInNsaWRlc2hvdyI6ImJiODhjNWIifQ%3D%3D\">\n\t\t\t\t\t<div class=\"e-gallery-image elementor-gallery-item__image\" data-thumbnail=\"https:\/\/conquistadora.us\/wp-content\/uploads\/2024\/11\/jorge-fernandez-salas-ChSZETOal-I-unsplash-1-1-1536x1024.jpg\" data-width=\"1536\" data-height=\"1024\" aria-label=\"Madrid\" role=\"img\" ><\/div>\n\t\t\t\t\t\t\t\t\t\t\t<div class=\"elementor-gallery-item__overlay\"><\/div>\n\t\t\t\t\t\t\t\t\t\t\t\t\t\t<\/a>\n\t\t\t\t\t\t\t<a class=\"e-gallery-item elementor-gallery-item elementor-animated-content\" href=\"https:\/\/conquistadora.us\/wp-content\/uploads\/2025\/02\/3506.jpg\" data-elementor-open-lightbox=\"yes\" data-elementor-lightbox-slideshow=\"bb88c5b\" data-elementor-lightbox-title=\"Mexico City\" data-e-action-hash=\"#elementor-action%3Aaction%3Dlightbox%26settings%3DeyJpZCI6MzUyLCJ1cmwiOiJodHRwczpcL1wvY29ucXVpc3RhZG9yYS51c1wvd3AtY29udGVudFwvdXBsb2Fkc1wvMjAyNVwvMDJcLzM1MDYuanBnIiwic2xpZGVzaG93IjoiYmI4OGM1YiJ9\">\n\t\t\t\t\t<div class=\"e-gallery-image elementor-gallery-item__image\" data-thumbnail=\"https:\/\/conquistadora.us\/wp-content\/uploads\/2025\/02\/3506-1536x947.jpg\" data-width=\"1536\" data-height=\"947\" aria-label=\"Mexico City\" role=\"img\" ><\/div>\n\t\t\t\t\t\t\t\t\t\t\t<div class=\"elementor-gallery-item__overlay\"><\/div>\n\t\t\t\t\t\t\t\t\t\t\t\t\t\t<\/a>\n\t\t\t\t\t\t\t<a class=\"e-gallery-item elementor-gallery-item elementor-animated-content\" href=\"https:\/\/conquistadora.us\/wp-content\/uploads\/2025\/02\/80887.jpg\" data-elementor-open-lightbox=\"yes\" data-elementor-lightbox-slideshow=\"bb88c5b\" data-elementor-lightbox-title=\"Buenos Aires\" data-e-action-hash=\"#elementor-action%3Aaction%3Dlightbox%26settings%3DeyJpZCI6MzUzLCJ1cmwiOiJodHRwczpcL1wvY29ucXVpc3RhZG9yYS51c1wvd3AtY29udGVudFwvdXBsb2Fkc1wvMjAyNVwvMDJcLzgwODg3LmpwZyIsInNsaWRlc2hvdyI6ImJiODhjNWIifQ%3D%3D\">\n\t\t\t\t\t<div class=\"e-gallery-image elementor-gallery-item__image\" data-thumbnail=\"https:\/\/conquistadora.us\/wp-content\/uploads\/2025\/02\/80887-1536x864.jpg\" data-width=\"1536\" data-height=\"864\" aria-label=\"Buenos Aires\" role=\"img\" ><\/div>\n\t\t\t\t\t\t\t\t\t\t\t<div class=\"elementor-gallery-item__overlay\"><\/div>\n\t\t\t\t\t\t\t\t\t\t\t\t\t\t<\/a>\n\t\t\t\t\t\t\t<a class=\"e-gallery-item elementor-gallery-item elementor-animated-content\" href=\"https:\/\/conquistadora.us\/wp-content\/uploads\/2025\/02\/50.jpg\" data-elementor-open-lightbox=\"yes\" data-elementor-lightbox-slideshow=\"bb88c5b\" data-elementor-lightbox-title=\"Dallas\" data-e-action-hash=\"#elementor-action%3Aaction%3Dlightbox%26settings%3DeyJpZCI6MzU0LCJ1cmwiOiJodHRwczpcL1wvY29ucXVpc3RhZG9yYS51c1wvd3AtY29udGVudFwvdXBsb2Fkc1wvMjAyNVwvMDJcLzUwLmpwZyIsInNsaWRlc2hvdyI6ImJiODhjNWIifQ%3D%3D\">\n\t\t\t\t\t<div class=\"e-gallery-image elementor-gallery-item__image\" data-thumbnail=\"https:\/\/conquistadora.us\/wp-content\/uploads\/2025\/02\/50-1536x1024.jpg\" data-width=\"1536\" data-height=\"1024\" aria-label=\"Dallas\" role=\"img\" ><\/div>\n\t\t\t\t\t\t\t\t\t\t\t<div class=\"elementor-gallery-item__overlay\"><\/div>\n\t\t\t\t\t\t\t\t\t\t\t\t\t\t<\/a>\n\t\t\t\t\t<\/div>\n\t\t\t\t\t<\/div>\n\t\t\t\t<\/div>\n\t\t\t\t\t<\/div>\n\t\t<\/div>\n\t\t\t\t\t<\/div>\n\t\t<\/section>\n\t\t\t\t\t<\/div>\n\t\t<\/div>\n\t\t\t\t\t<\/div>\n\t\t<\/section>\n\t\t<div class=\"elementor-element elementor-element-6cf7707 e-flex e-con-boxed e-con e-parent\" data-id=\"6cf7707\" data-element_type=\"container\" data-e-type=\"container\">\n\t\t\t\t\t<div class=\"e-con-inner\">\n\t\t\t\t<div class=\"elementor-element elementor-element-f822846 elementor-widget elementor-widget-spacer\" data-id=\"f822846\" data-element_type=\"widget\" data-e-type=\"widget\" data-widget_type=\"spacer.default\">\n\t\t\t\t<div class=\"elementor-widget-container\">\n\t\t\t\t\t\t\t<div class=\"elementor-spacer\">\n\t\t\t<div class=\"elementor-spacer-inner\"><\/div>\n\t\t<\/div>\n\t\t\t\t\t\t<\/div>\n\t\t\t\t<\/div>\n\t\t\t\t\t<\/div>\n\t\t\t\t<\/div>\n\t\t\t\t<\/div>\n\t\t","protected":false},"excerpt":{"rendered":"<p>Sobre nosotros Naci\u00f3 en 1999 en Madrid, Espa\u00f1a, como un centro de innovaci\u00f3n e investigaci\u00f3n en TI que proporciona desarrollo altamente cualificado a empresas l\u00edderes. En 25 a\u00f1os de creaci\u00f3n y gesti\u00f3n de empresas de TI y otros negocios, hemos desarrollado capacidades de an\u00e1lisis e investigaci\u00f3n de mercados, trabajando para los principales actores para ayudarles [&hellip;]<\/p>\n","protected":false},"author":1,"featured_media":0,"parent":0,"menu_order":0,"comment_status":"closed","ping_status":"closed","template":"elementor_header_footer","meta":{"footnotes":""},"class_list":["post-653","page","type-page","status-publish","hentry"],"_links":{"self":[{"href":"https:\/\/conquistadora.us\/es\/wp-json\/wp\/v2\/pages\/653","targetHints":{"allow":["GET"]}}],"collection":[{"href":"https:\/\/conquistadora.us\/es\/wp-json\/wp\/v2\/pages"}],"about":[{"href":"https:\/\/conquistadora.us\/es\/wp-json\/wp\/v2\/types\/page"}],"author":[{"embeddable":true,"href":"https:\/\/conquistadora.us\/es\/wp-json\/wp\/v2\/users\/1"}],"replies":[{"embeddable":true,"href":"https:\/\/conquistadora.us\/es\/wp-json\/wp\/v2\/comments?post=653"}],"version-history":[{"count":1,"href":"https:\/\/conquistadora.us\/es\/wp-json\/wp\/v2\/pages\/653\/revisions"}],"predecessor-version":[{"id":654,"href":"https:\/\/conquistadora.us\/es\/wp-json\/wp\/v2\/pages\/653\/revisions\/654"}],"wp:attachment":[{"href":"https:\/\/conquistadora.us\/es\/wp-json\/wp\/v2\/media?parent=653"}],"curies":[{"name":"wp","href":"https:\/\/api.w.org\/{rel}","templated":true}]}}