{"id":589,"date":"2024-11-14T15:32:18","date_gmt":"2024-11-14T15:32:18","guid":{"rendered":"https:\/\/conquistadora.us\/aviso-legal\/"},"modified":"2025-05-02T22:47:22","modified_gmt":"2025-05-02T22:47:22","slug":"aviso-legal","status":"publish","type":"page","link":"https:\/\/conquistadora.us\/es\/aviso-legal\/","title":{"rendered":"Aviso legal"},"content":{"rendered":"\n<p><strong>Aviso legal<\/strong><\/p>\n\n<p>\u00daltima actualizaci\u00f3n: 14\/10\/24<\/p>\n\n<p><strong>1. 1. Informaci\u00f3n general<\/strong><\/p>\n\n<p>El contenido de nuestro sitio <a href=\"http:\/\/www.conquistadora.us\">www.conquistadora.us,<\/a> es proporcionado por nuestra organizaci\u00f3n, con sede en Texas, Estados Unidos. Nuestra misi\u00f3n es promover la Civilizaci\u00f3n Hisp\u00e1nica a trav\u00e9s de iniciativas culturales y educativas. La informaci\u00f3n de nuestro sitio web est\u00e1 destinada \u00fanicamente a fines informativos y educativos.<\/p>\n\n<p><strong>2. Sin garant\u00edas<\/strong><\/p>\n\n<p>Aunque nos esforzamos por asegurar la exactitud y relevancia de la informaci\u00f3n proporcionada, Conquistadora LLC no ofrece garant\u00edas sobre la integridad, fiabilidad o exactitud del contenido. El sitio web y su contenido se proporcionan \u00abtal cual\u00bb, sin garant\u00edas de ning\u00fan tipo, ni expresas ni impl\u00edcitas.<\/p>\n\n<p><strong>3. Responsabilidad Limitada<\/strong><\/p>\n\n<p>Conquistadora LLC y sus participadas, directivos, empleados y agentes no ser\u00e1n responsables de ning\u00fan da\u00f1o directo, indirecto, incidental, especial o consecuente que resulte del uso o de la incapacidad de usar el sitio web o el contenido proporcionado.<\/p>\n\n<p><strong>4. Enlaces de terceros<\/strong><\/p>\n\n<p>Nuestro sitio puede contener enlaces a sitios de terceros que no son operados por nosotros. Conquistadora LLC no controla estos sitios y no es responsable de su contenido o pr\u00e1cticas de privacidad. Te recomendamos que revises las pol\u00edticas de privacidad y las condiciones de uso de los sitios de terceros que visites.<\/p>\n\n<p><strong>5. Ley aplicable<\/strong><\/p>\n\n<p>Este Aviso Legal y todos los asuntos relacionados con tu uso del sitio se rigen por las leyes de Tejas, Estados Unidos. Cualquier disputa legal se resolver\u00e1 exclusivamente en los tribunales de Tejas.<\/p>\n\n<p><strong>6. Contacta con nosotros<\/strong><\/p>\n\n<p>Para cualquier pregunta o duda sobre este Aviso Legal, ponte en contacto con nosotros en <a>info@conquistadora.us.<\/a><\/p>\n\n<hr class=\"wp-block-separator has-alpha-channel-opacity\"\/>\n","protected":false},"excerpt":{"rendered":"<p>Aviso legal \u00daltima actualizaci\u00f3n: 14\/10\/24 1. 1. Informaci\u00f3n general El contenido de nuestro sitio www.conquistadora.us, es proporcionado por nuestra organizaci\u00f3n, con sede en Texas, Estados Unidos. Nuestra misi\u00f3n es promover la Civilizaci\u00f3n Hisp\u00e1nica a trav\u00e9s de iniciativas culturales y educativas. La informaci\u00f3n de nuestro sitio web est\u00e1 destinada \u00fanicamente a fines informativos y educativos. 2. [&hellip;]<\/p>\n","protected":false},"author":1,"featured_media":0,"parent":0,"menu_order":0,"comment_status":"closed","ping_status":"closed","template":"","meta":{"footnotes":""},"class_list":["post-589","page","type-page","status-publish","hentry"],"_links":{"self":[{"href":"https:\/\/conquistadora.us\/es\/wp-json\/wp\/v2\/pages\/589","targetHints":{"allow":["GET"]}}],"collection":[{"href":"https:\/\/conquistadora.us\/es\/wp-json\/wp\/v2\/pages"}],"about":[{"href":"https:\/\/conquistadora.us\/es\/wp-json\/wp\/v2\/types\/page"}],"author":[{"embeddable":true,"href":"https:\/\/conquistadora.us\/es\/wp-json\/wp\/v2\/users\/1"}],"replies":[{"embeddable":true,"href":"https:\/\/conquistadora.us\/es\/wp-json\/wp\/v2\/comments?post=589"}],"version-history":[{"count":3,"href":"https:\/\/conquistadora.us\/es\/wp-json\/wp\/v2\/pages\/589\/revisions"}],"predecessor-version":[{"id":711,"href":"https:\/\/conquistadora.us\/es\/wp-json\/wp\/v2\/pages\/589\/revisions\/711"}],"wp:attachment":[{"href":"https:\/\/conquistadora.us\/es\/wp-json\/wp\/v2\/media?parent=589"}],"curies":[{"name":"wp","href":"https:\/\/api.w.org\/{rel}","templated":true}]}}