{"id":587,"date":"2024-11-14T15:31:52","date_gmt":"2024-11-14T15:31:52","guid":{"rendered":"https:\/\/conquistadora.us\/politica-de-privacidad\/"},"modified":"2025-05-02T22:49:13","modified_gmt":"2025-05-02T22:49:13","slug":"politica-de-privacidad","status":"publish","type":"page","link":"https:\/\/conquistadora.us\/es\/politica-de-privacidad\/","title":{"rendered":"Pol\u00edtica de privacidad"},"content":{"rendered":"\n<p><strong>\u00daltima actualizaci\u00f3n: 10\/14\/24<\/strong><\/p>\n\n<ol class=\"wp-block-list\">\n<li><strong>Introducci\u00f3n<\/strong><\/li>\n<\/ol>\n\n<p>Bienvenido a Conquistadora LLC (\u00abnosotros\u00bb, \u00abnos\u00bb o \u00abnuestro\u00bb). Esta Pol\u00edtica de Privacidad explica c\u00f3mo recogemos, utilizamos, revelamos y salvaguardamos tu informaci\u00f3n cuando visitas nuestro sitio <a href=\"http:\/\/www.conquistadora.us\">www.conquistadora.us.<\/a> Lee atentamente esta pol\u00edtica para comprender nuestros puntos de vista y pr\u00e1cticas en relaci\u00f3n con tus datos personales y c\u00f3mo los tratamos.<\/p>\n\n<p>La informaci\u00f3n de este sitio la proporciona nuestra organizaci\u00f3n, con sede en Tejas.<\/p>\n\n<ol start=\"2\" class=\"wp-block-list\">\n<li><strong>Informaci\u00f3n que recogemos<\/strong><\/li>\n<\/ol>\n\n<p>Podemos recabar informaci\u00f3n sobre ti de varias formas, entre ellas:<\/p>\n\n<ul class=\"wp-block-list\">\n<li><strong>Datos personales<\/strong>: Informaci\u00f3n identificable como tu nombre, direcci\u00f3n de correo electr\u00f3nico y datos de contacto si decides comunicarte con nosotros directamente.<\/li>\n\n\n\n<li><strong>Datos de uso<\/strong>: Informaci\u00f3n recopilada autom\u00e1ticamente por nuestro sitio sobre tus actividades de navegaci\u00f3n, como tu direcci\u00f3n IP, tipo de navegador y p\u00e1ginas visitadas.<\/li>\n<\/ul>\n\n<ol start=\"3\" class=\"wp-block-list\">\n<li><strong>Uso de tu informaci\u00f3n<\/strong><\/li>\n<\/ol>\n\n<p>Utilizamos tu informaci\u00f3n para los siguientes fines:<\/p>\n\n<ul class=\"wp-block-list\">\n<li>Para comunicarnos contigo y responder a tus consultas.<\/li>\n\n\n\n<li>Para mejorar nuestro sitio web y proporcionar una mejor experiencia al usuario.<\/li>\n\n\n\n<li>Cumplir las leyes y reglamentos aplicables.<\/li>\n<\/ul>\n\n<ol start=\"4\" class=\"wp-block-list\">\n<li><strong>Divulgaci\u00f3n de tu informaci\u00f3n<\/strong><\/li>\n<\/ol>\n\n<p>No vendemos, alquilamos ni intercambiamos tu informaci\u00f3n personal.  <strong>No compartimos ninguno de tus datos personales con terceros, excepto con proveedores de servicios externos que realizan funciones en nuestro nombre (por ejemplo, an\u00e1lisis del sitio), siempre que cumplan estrictas obligaciones de confidencialidad.<\/strong><\/p>\n\n<ol start=\"5\" class=\"wp-block-list\">\n<li><strong>Seguridad de tu informaci\u00f3n<\/strong><\/li>\n<\/ol>\n\n<p>Nos esforzamos por proteger tu informaci\u00f3n, pero ten en cuenta que ning\u00fan almacenamiento o transmisi\u00f3n electr\u00f3nicos son seguros al 100%.<\/p>\n\n<ol start=\"6\" class=\"wp-block-list\">\n<li><strong>Privacidad infantil<\/strong><\/li>\n<\/ol>\n\n<p>Nuestro sitio no est\u00e1 destinado a ni\u00f1os menores de 13 a\u00f1os. No recopilamos conscientemente informaci\u00f3n de ni\u00f1os menores de 13 a\u00f1os. Si nos enteramos de que hemos recogido o recibido datos personales de un ni\u00f1o menor de 13 a\u00f1os, eliminaremos esa informaci\u00f3n.<\/p>\n\n<ol start=\"7\" class=\"wp-block-list\">\n<li><strong>Tus derechos de privacidad<\/strong><\/li>\n<\/ol>\n\n<p>Puedes tener ciertos derechos en virtud de la legislaci\u00f3n local sobre privacidad. Si deseas solicitar, revisar o eliminar los datos personales que tenemos sobre ti, ponte en contacto con nosotros en <a>info@conquistadora.us.<\/a><\/p>\n\n<ol start=\"8\" class=\"wp-block-list\">\n<li><strong>Contacta con nosotros<\/strong><\/li>\n<\/ol>\n\n<p>Para cualquier pregunta sobre esta Pol\u00edtica de Privacidad, ponte en contacto con nosotros en <a>info@conquistadora.us.<\/a><\/p>\n","protected":false},"excerpt":{"rendered":"<p>\u00daltima actualizaci\u00f3n: 10\/14\/24 Bienvenido a Conquistadora LLC (\u00abnosotros\u00bb, \u00abnos\u00bb o \u00abnuestro\u00bb). Esta Pol\u00edtica de Privacidad explica c\u00f3mo recogemos, utilizamos, revelamos y salvaguardamos tu informaci\u00f3n cuando visitas nuestro sitio www.conquistadora.us. Lee atentamente esta pol\u00edtica para comprender nuestros puntos de vista y pr\u00e1cticas en relaci\u00f3n con tus datos personales y c\u00f3mo los tratamos. La informaci\u00f3n de este [&hellip;]<\/p>\n","protected":false},"author":1,"featured_media":0,"parent":0,"menu_order":0,"comment_status":"closed","ping_status":"closed","template":"","meta":{"footnotes":""},"class_list":["post-587","page","type-page","status-publish","hentry"],"_links":{"self":[{"href":"https:\/\/conquistadora.us\/es\/wp-json\/wp\/v2\/pages\/587","targetHints":{"allow":["GET"]}}],"collection":[{"href":"https:\/\/conquistadora.us\/es\/wp-json\/wp\/v2\/pages"}],"about":[{"href":"https:\/\/conquistadora.us\/es\/wp-json\/wp\/v2\/types\/page"}],"author":[{"embeddable":true,"href":"https:\/\/conquistadora.us\/es\/wp-json\/wp\/v2\/users\/1"}],"replies":[{"embeddable":true,"href":"https:\/\/conquistadora.us\/es\/wp-json\/wp\/v2\/comments?post=587"}],"version-history":[{"count":3,"href":"https:\/\/conquistadora.us\/es\/wp-json\/wp\/v2\/pages\/587\/revisions"}],"predecessor-version":[{"id":713,"href":"https:\/\/conquistadora.us\/es\/wp-json\/wp\/v2\/pages\/587\/revisions\/713"}],"wp:attachment":[{"href":"https:\/\/conquistadora.us\/es\/wp-json\/wp\/v2\/media?parent=587"}],"curies":[{"name":"wp","href":"https:\/\/api.w.org\/{rel}","templated":true}]}}