{"id":542,"date":"2025-02-25T09:37:52","date_gmt":"2025-02-25T09:37:52","guid":{"rendered":"https:\/\/conquistadora.us\/proyectos\/"},"modified":"2025-05-21T13:25:30","modified_gmt":"2025-05-21T13:25:30","slug":"proyectos","status":"publish","type":"page","link":"https:\/\/conquistadora.us\/es\/fundacion\/proyectos\/","title":{"rendered":"Proyectos"},"content":{"rendered":"\t\t<div data-elementor-type=\"wp-page\" data-elementor-id=\"542\" class=\"elementor elementor-542 elementor-421\" data-elementor-post-type=\"page\">\n\t\t\t\t\t\t<section class=\"elementor-section elementor-top-section elementor-element elementor-element-15408b81 elementor-section-full_width elementor-section-height-default elementor-section-height-default\" data-id=\"15408b81\" data-element_type=\"section\" data-e-type=\"section\">\n\t\t\t\t\t\t<div class=\"elementor-container elementor-column-gap-default\">\n\t\t\t\t\t<div class=\"elementor-column elementor-col-100 elementor-top-column elementor-element elementor-element-5c4b811\" data-id=\"5c4b811\" data-element_type=\"column\" data-e-type=\"column\">\n\t\t\t<div class=\"elementor-widget-wrap elementor-element-populated\">\n\t\t\t\t\t\t<section class=\"elementor-section elementor-inner-section elementor-element elementor-element-5b6935c5 elementor-section-boxed elementor-section-height-default elementor-section-height-default\" data-id=\"5b6935c5\" data-element_type=\"section\" data-e-type=\"section\">\n\t\t\t\t\t\t<div class=\"elementor-container elementor-column-gap-default\">\n\t\t\t\t\t<div class=\"elementor-column elementor-col-100 elementor-inner-column elementor-element elementor-element-6c1ecd61\" data-id=\"6c1ecd61\" data-element_type=\"column\" data-e-type=\"column\">\n\t\t\t<div class=\"elementor-widget-wrap elementor-element-populated\">\n\t\t\t\t\t\t<div class=\"elementor-element elementor-element-267f7c5d elementor-invisible elementor-widget elementor-widget-heading\" data-id=\"267f7c5d\" data-element_type=\"widget\" data-e-type=\"widget\" data-settings=\"{&quot;_animation&quot;:&quot;fadeInDown&quot;}\" data-widget_type=\"heading.default\">\n\t\t\t\t<div class=\"elementor-widget-container\">\n\t\t\t\t\t<h1 class=\"elementor-heading-title elementor-size-default\">Proyectos<\/h1>\t\t\t\t<\/div>\n\t\t\t\t<\/div>\n\t\t\t\t\t<\/div>\n\t\t<\/div>\n\t\t\t\t\t<\/div>\n\t\t<\/section>\n\t\t\t\t\t<\/div>\n\t\t<\/div>\n\t\t\t\t\t<\/div>\n\t\t<\/section>\n\t\t\t\t<section class=\"elementor-section elementor-top-section elementor-element elementor-element-f95c595 elementor-section-boxed elementor-section-height-default elementor-section-height-default\" data-id=\"f95c595\" data-element_type=\"section\" data-e-type=\"section\">\n\t\t\t\t\t\t<div class=\"elementor-container elementor-column-gap-default\">\n\t\t\t\t\t<div class=\"elementor-column elementor-col-100 elementor-top-column elementor-element elementor-element-4da256d\" data-id=\"4da256d\" data-element_type=\"column\" data-e-type=\"column\">\n\t\t\t<div class=\"elementor-widget-wrap elementor-element-populated\">\n\t\t\t\t\t\t<div class=\"elementor-element elementor-element-b3db6c0 elementor-invisible elementor-widget elementor-widget-heading\" data-id=\"b3db6c0\" data-element_type=\"widget\" data-e-type=\"widget\" data-settings=\"{&quot;_animation&quot;:&quot;fadeInUp&quot;}\" data-widget_type=\"heading.default\">\n\t\t\t\t<div class=\"elementor-widget-container\">\n\t\t\t\t\t<h3 class=\"elementor-heading-title elementor-size-default\">Promover el Evangelio en Guinea Ecuatorial<\/h3>\t\t\t\t<\/div>\n\t\t\t\t<\/div>\n\t\t\t\t<div class=\"elementor-element elementor-element-7fc6bb0 elementor-widget elementor-widget-text-editor\" data-id=\"7fc6bb0\" data-element_type=\"widget\" data-e-type=\"widget\" data-widget_type=\"text-editor.default\">\n\t\t\t\t<div class=\"elementor-widget-container\">\n\t\t\t\t\t\t\t\t\t<p>El padre Felix Ndong es un sacerdote cat\u00f3lico que atiende 14 parroquias en aldeas remotas: Su amor a Dios y a la Iglesia est\u00e1 profundamente arraigado. A pesar del abandono al que se han enfrentado, el pueblo sigue sinti\u00e9ndose espa\u00f1ol de coraz\u00f3n. A pesar de tener muy poco, su alegr\u00eda es contagiosa. A pesar de carecer de oportunidades de futuro, su esperanza permanece inquebrantable, como se ve en los muchos ni\u00f1os que han nacido all\u00ed. <\/p>\t\t\t\t\t\t\t\t<\/div>\n\t\t\t\t<\/div>\n\t\t\t\t<div class=\"elementor-element elementor-element-8ddbf22 elementor-icon-list--layout-traditional elementor-list-item-link-full_width elementor-widget elementor-widget-icon-list\" data-id=\"8ddbf22\" data-element_type=\"widget\" data-e-type=\"widget\" data-widget_type=\"icon-list.default\">\n\t\t\t\t<div class=\"elementor-widget-container\">\n\t\t\t\t\t\t\t<ul class=\"elementor-icon-list-items\">\n\t\t\t\t\t\t\t<li class=\"elementor-icon-list-item\">\n\t\t\t\t\t\t\t\t\t\t\t<a href=\"https:\/\/conquistadora.us\/es\/ayuda-al-padre-felix-ndong-a-llevar-el-evangelio-a-aldeas-remotas\/\">\n\n\t\t\t\t\t\t\t\t\t\t\t<span class=\"elementor-icon-list-text\">Por favor, ayuda al Padre F\u00e9lix<\/span>\n\t\t\t\t\t\t\t\t\t\t\t<\/a>\n\t\t\t\t\t\t\t\t\t<\/li>\n\t\t\t\t\t\t<\/ul>\n\t\t\t\t\t\t<\/div>\n\t\t\t\t<\/div>\n\t\t\t\t<div class=\"elementor-element elementor-element-e3aee65 elementor-widget elementor-widget-gallery\" data-id=\"e3aee65\" data-element_type=\"widget\" data-e-type=\"widget\" data-settings=\"{&quot;gallery_layout&quot;:&quot;justified&quot;,&quot;lazyload&quot;:&quot;yes&quot;,&quot;ideal_row_height&quot;:{&quot;unit&quot;:&quot;px&quot;,&quot;size&quot;:200,&quot;sizes&quot;:[]},&quot;ideal_row_height_widescreen&quot;:{&quot;unit&quot;:&quot;px&quot;,&quot;size&quot;:&quot;&quot;,&quot;sizes&quot;:[]},&quot;ideal_row_height_tablet&quot;:{&quot;unit&quot;:&quot;px&quot;,&quot;size&quot;:150,&quot;sizes&quot;:[]},&quot;ideal_row_height_mobile&quot;:{&quot;unit&quot;:&quot;px&quot;,&quot;size&quot;:150,&quot;sizes&quot;:[]},&quot;gap&quot;:{&quot;unit&quot;:&quot;px&quot;,&quot;size&quot;:10,&quot;sizes&quot;:[]},&quot;gap_widescreen&quot;:{&quot;unit&quot;:&quot;px&quot;,&quot;size&quot;:&quot;&quot;,&quot;sizes&quot;:[]},&quot;gap_tablet&quot;:{&quot;unit&quot;:&quot;px&quot;,&quot;size&quot;:10,&quot;sizes&quot;:[]},&quot;gap_mobile&quot;:{&quot;unit&quot;:&quot;px&quot;,&quot;size&quot;:10,&quot;sizes&quot;:[]},&quot;link_to&quot;:&quot;file&quot;,&quot;overlay_background&quot;:&quot;yes&quot;,&quot;content_hover_animation&quot;:&quot;fade-in&quot;}\" data-widget_type=\"gallery.default\">\n\t\t\t\t<div class=\"elementor-widget-container\">\n\t\t\t\t\t\t\t<div class=\"elementor-gallery__container\">\n\t\t\t\t\t\t\t<a class=\"e-gallery-item elementor-gallery-item elementor-animated-content\" href=\"https:\/\/conquistadora.us\/wp-content\/uploads\/2024\/11\/Sacerdote-Guinea-Ecuatorial-2024-11-06-at-01.11.47.jpeg\" data-elementor-open-lightbox=\"yes\" data-elementor-lightbox-slideshow=\"e3aee65\" data-elementor-lightbox-title=\"Sacerdote Guinea Ecuatorial 2024-11-06 at 01.11.47\" data-e-action-hash=\"#elementor-action%3Aaction%3Dlightbox%26settings%3DeyJpZCI6MTk1LCJ1cmwiOiJodHRwczpcL1wvY29ucXVpc3RhZG9yYS51c1wvd3AtY29udGVudFwvdXBsb2Fkc1wvMjAyNFwvMTFcL1NhY2VyZG90ZS1HdWluZWEtRWN1YXRvcmlhbC0yMDI0LTExLTA2LWF0LTAxLjExLjQ3LmpwZWciLCJzbGlkZXNob3ciOiJlM2FlZTY1In0%3D\">\n\t\t\t\t\t<div class=\"e-gallery-image elementor-gallery-item__image\" data-thumbnail=\"https:\/\/conquistadora.us\/wp-content\/uploads\/2024\/11\/Sacerdote-Guinea-Ecuatorial-2024-11-06-at-01.11.47-300x225.jpeg\" data-width=\"300\" data-height=\"225\" aria-label=\"\" role=\"img\" ><\/div>\n\t\t\t\t\t\t\t\t\t\t\t<div class=\"elementor-gallery-item__overlay\"><\/div>\n\t\t\t\t\t\t\t\t\t\t\t\t\t\t<\/a>\n\t\t\t\t\t\t\t<a class=\"e-gallery-item elementor-gallery-item elementor-animated-content\" href=\"https:\/\/conquistadora.us\/wp-content\/uploads\/2024\/11\/Sacerdote-Guinea-Ecuatorial-2024-11-06-at-01.11.46-1.jpeg\" data-elementor-open-lightbox=\"yes\" data-elementor-lightbox-slideshow=\"e3aee65\" data-elementor-lightbox-title=\"Sacerdote Guinea Ecuatorial 2024-11-06 at 01.11.46 (1)\" data-e-action-hash=\"#elementor-action%3Aaction%3Dlightbox%26settings%3DeyJpZCI6MTk2LCJ1cmwiOiJodHRwczpcL1wvY29ucXVpc3RhZG9yYS51c1wvd3AtY29udGVudFwvdXBsb2Fkc1wvMjAyNFwvMTFcL1NhY2VyZG90ZS1HdWluZWEtRWN1YXRvcmlhbC0yMDI0LTExLTA2LWF0LTAxLjExLjQ2LTEuanBlZyIsInNsaWRlc2hvdyI6ImUzYWVlNjUifQ%3D%3D\">\n\t\t\t\t\t<div class=\"e-gallery-image elementor-gallery-item__image\" data-thumbnail=\"https:\/\/conquistadora.us\/wp-content\/uploads\/2024\/11\/Sacerdote-Guinea-Ecuatorial-2024-11-06-at-01.11.46-1-225x300.jpeg\" data-width=\"225\" data-height=\"300\" aria-label=\"\" role=\"img\" ><\/div>\n\t\t\t\t\t\t\t\t\t\t\t<div class=\"elementor-gallery-item__overlay\"><\/div>\n\t\t\t\t\t\t\t\t\t\t\t\t\t\t<\/a>\n\t\t\t\t\t\t\t<a class=\"e-gallery-item elementor-gallery-item elementor-animated-content\" href=\"https:\/\/conquistadora.us\/wp-content\/uploads\/2024\/11\/Sacerdote-Guinea-Ecuatorial-2024-11-06-at-01.11.46.jpeg\" data-elementor-open-lightbox=\"yes\" data-elementor-lightbox-slideshow=\"e3aee65\" data-elementor-lightbox-title=\"Sacerdote Guinea Ecuatorial 2024-11-06 at 01.11.46\" data-e-action-hash=\"#elementor-action%3Aaction%3Dlightbox%26settings%3DeyJpZCI6MTk3LCJ1cmwiOiJodHRwczpcL1wvY29ucXVpc3RhZG9yYS51c1wvd3AtY29udGVudFwvdXBsb2Fkc1wvMjAyNFwvMTFcL1NhY2VyZG90ZS1HdWluZWEtRWN1YXRvcmlhbC0yMDI0LTExLTA2LWF0LTAxLjExLjQ2LmpwZWciLCJzbGlkZXNob3ciOiJlM2FlZTY1In0%3D\">\n\t\t\t\t\t<div class=\"e-gallery-image elementor-gallery-item__image\" data-thumbnail=\"https:\/\/conquistadora.us\/wp-content\/uploads\/2024\/11\/Sacerdote-Guinea-Ecuatorial-2024-11-06-at-01.11.46-300x225.jpeg\" data-width=\"300\" data-height=\"225\" aria-label=\"\" role=\"img\" ><\/div>\n\t\t\t\t\t\t\t\t\t\t\t<div class=\"elementor-gallery-item__overlay\"><\/div>\n\t\t\t\t\t\t\t\t\t\t\t\t\t\t<\/a>\n\t\t\t\t\t\t\t<a class=\"e-gallery-item elementor-gallery-item elementor-animated-content\" href=\"https:\/\/conquistadora.us\/wp-content\/uploads\/2024\/11\/Sacerdote-Guinea-Ecuatorial-2024-11-06-at-01.11.45-1.jpeg\" data-elementor-open-lightbox=\"yes\" data-elementor-lightbox-slideshow=\"e3aee65\" data-elementor-lightbox-title=\"Sacerdote Guinea Ecuatorial 2024-11-06 at 01.11.45 (1)\" data-e-action-hash=\"#elementor-action%3Aaction%3Dlightbox%26settings%3DeyJpZCI6MTk4LCJ1cmwiOiJodHRwczpcL1wvY29ucXVpc3RhZG9yYS51c1wvd3AtY29udGVudFwvdXBsb2Fkc1wvMjAyNFwvMTFcL1NhY2VyZG90ZS1HdWluZWEtRWN1YXRvcmlhbC0yMDI0LTExLTA2LWF0LTAxLjExLjQ1LTEuanBlZyIsInNsaWRlc2hvdyI6ImUzYWVlNjUifQ%3D%3D\">\n\t\t\t\t\t<div class=\"e-gallery-image elementor-gallery-item__image\" data-thumbnail=\"https:\/\/conquistadora.us\/wp-content\/uploads\/2024\/11\/Sacerdote-Guinea-Ecuatorial-2024-11-06-at-01.11.45-1-225x300.jpeg\" data-width=\"225\" data-height=\"300\" aria-label=\"\" role=\"img\" ><\/div>\n\t\t\t\t\t\t\t\t\t\t\t<div class=\"elementor-gallery-item__overlay\"><\/div>\n\t\t\t\t\t\t\t\t\t\t\t\t\t\t<\/a>\n\t\t\t\t\t\t\t<a class=\"e-gallery-item elementor-gallery-item elementor-animated-content\" href=\"https:\/\/conquistadora.us\/wp-content\/uploads\/2024\/11\/Sacerdote-Guinea-Ecuatorial-2024-11-06-at-01.11.42.jpeg\" data-elementor-open-lightbox=\"yes\" data-elementor-lightbox-slideshow=\"e3aee65\" data-elementor-lightbox-title=\"Sacerdote Guinea Ecuatorial 2024-11-06 at 01.11.42\" data-e-action-hash=\"#elementor-action%3Aaction%3Dlightbox%26settings%3DeyJpZCI6MjAzLCJ1cmwiOiJodHRwczpcL1wvY29ucXVpc3RhZG9yYS51c1wvd3AtY29udGVudFwvdXBsb2Fkc1wvMjAyNFwvMTFcL1NhY2VyZG90ZS1HdWluZWEtRWN1YXRvcmlhbC0yMDI0LTExLTA2LWF0LTAxLjExLjQyLmpwZWciLCJzbGlkZXNob3ciOiJlM2FlZTY1In0%3D\">\n\t\t\t\t\t<div class=\"e-gallery-image elementor-gallery-item__image\" data-thumbnail=\"https:\/\/conquistadora.us\/wp-content\/uploads\/2024\/11\/Sacerdote-Guinea-Ecuatorial-2024-11-06-at-01.11.42-300x225.jpeg\" data-width=\"300\" data-height=\"225\" aria-label=\"\" role=\"img\" ><\/div>\n\t\t\t\t\t\t\t\t\t\t\t<div class=\"elementor-gallery-item__overlay\"><\/div>\n\t\t\t\t\t\t\t\t\t\t\t\t\t\t<\/a>\n\t\t\t\t\t<\/div>\n\t\t\t\t\t<\/div>\n\t\t\t\t<\/div>\n\t\t\t\t\t<\/div>\n\t\t<\/div>\n\t\t\t\t\t<\/div>\n\t\t<\/section>\n\t\t\t\t<section class=\"elementor-section elementor-top-section elementor-element elementor-element-2fd7b6d elementor-section-boxed elementor-section-height-default elementor-section-height-default\" data-id=\"2fd7b6d\" data-element_type=\"section\" data-e-type=\"section\">\n\t\t\t\t\t\t<div class=\"elementor-container elementor-column-gap-default\">\n\t\t\t\t\t<div class=\"elementor-column elementor-col-100 elementor-top-column elementor-element elementor-element-cd642f0\" data-id=\"cd642f0\" data-element_type=\"column\" data-e-type=\"column\">\n\t\t\t<div class=\"elementor-widget-wrap elementor-element-populated\">\n\t\t\t\t\t\t<div class=\"elementor-element elementor-element-529e8d6 elementor-invisible elementor-widget elementor-widget-heading\" data-id=\"529e8d6\" data-element_type=\"widget\" data-e-type=\"widget\" data-settings=\"{&quot;_animation&quot;:&quot;fadeInUp&quot;}\" data-widget_type=\"heading.default\">\n\t\t\t\t<div class=\"elementor-widget-container\">\n\t\t\t\t\t<h3 class=\"elementor-heading-title elementor-size-default\">Agricultura sostenible en Mukila (RD Congo)<\/h3>\t\t\t\t<\/div>\n\t\t\t\t<\/div>\n\t\t\t\t<div class=\"elementor-element elementor-element-16287f1 elementor-widget elementor-widget-text-editor\" data-id=\"16287f1\" data-element_type=\"widget\" data-e-type=\"widget\" data-widget_type=\"text-editor.default\">\n\t\t\t\t<div class=\"elementor-widget-container\">\n\t\t\t\t\t\t\t\t\t<div class=\"px-8 [@media(max-width:1250px)]:px-[10px] [@media(max-width:1250px)]:max-w-[700px] max-w-[845px] group relative mx-auto flex gap-[9px] rounded-xl mt-2.5 py-3\"><div class=\"flex-1 relative\"><div class=\"flex\"><div class=\"relative min-w-12 flex-grow\"><div class=\"relative ml-0.5\"><div><div class=\" prose dark:prose-invert markdown \" dir=\"auto\" data-gramm=\"false\"><p class=\"first:mt-1.5\">Este programa, dirigido por las Hermanas de la Caridad de Santa Ana desde 1999 en Mukila (Kwango), Rep\u00fablica Democr\u00e1tica del Congo, pretende mejorar la vida de 50.000 personas mediante la comercializaci\u00f3n agr\u00edcola sostenible y el acceso a bienes esenciales. Mediante la creaci\u00f3n de una cooperativa y el aprovechamiento de la experiencia local, la iniciativa pretende impulsar las oportunidades econ\u00f3micas, mejorar la asistencia sanitaria, la educaci\u00f3n y los servicios sociales, y fomentar la autosuficiencia en la regi\u00f3n. <\/p><\/div><\/div><\/div><\/div><\/div><\/div><\/div>\t\t\t\t\t\t\t\t<\/div>\n\t\t\t\t<\/div>\n\t\t\t\t<div class=\"elementor-element elementor-element-a4ed63c elementor-icon-list--layout-traditional elementor-list-item-link-full_width elementor-widget elementor-widget-icon-list\" data-id=\"a4ed63c\" data-element_type=\"widget\" data-e-type=\"widget\" data-widget_type=\"icon-list.default\">\n\t\t\t\t<div class=\"elementor-widget-container\">\n\t\t\t\t\t\t\t<ul class=\"elementor-icon-list-items\">\n\t\t\t\t\t\t\t<li class=\"elementor-icon-list-item\">\n\t\t\t\t\t\t\t\t\t\t\t<a href=\"https:\/\/colaborador.org\/proyecto\/produccion-y-comercio-en-mukila-rd-congo-para-la-sostenibilidad-y-el-desarrollo-local\/377\/\">\n\n\t\t\t\t\t\t\t\t\t\t\t<span class=\"elementor-icon-list-text\">Conoce este proyecto<\/span>\n\t\t\t\t\t\t\t\t\t\t\t<\/a>\n\t\t\t\t\t\t\t\t\t<\/li>\n\t\t\t\t\t\t<\/ul>\n\t\t\t\t\t\t<\/div>\n\t\t\t\t<\/div>\n\t\t\t\t<div class=\"elementor-element elementor-element-ec91eeb elementor-widget elementor-widget-gallery\" data-id=\"ec91eeb\" data-element_type=\"widget\" data-e-type=\"widget\" data-settings=\"{&quot;gallery_layout&quot;:&quot;justified&quot;,&quot;lazyload&quot;:&quot;yes&quot;,&quot;ideal_row_height&quot;:{&quot;unit&quot;:&quot;px&quot;,&quot;size&quot;:200,&quot;sizes&quot;:[]},&quot;ideal_row_height_widescreen&quot;:{&quot;unit&quot;:&quot;px&quot;,&quot;size&quot;:&quot;&quot;,&quot;sizes&quot;:[]},&quot;ideal_row_height_tablet&quot;:{&quot;unit&quot;:&quot;px&quot;,&quot;size&quot;:150,&quot;sizes&quot;:[]},&quot;ideal_row_height_mobile&quot;:{&quot;unit&quot;:&quot;px&quot;,&quot;size&quot;:150,&quot;sizes&quot;:[]},&quot;gap&quot;:{&quot;unit&quot;:&quot;px&quot;,&quot;size&quot;:10,&quot;sizes&quot;:[]},&quot;gap_widescreen&quot;:{&quot;unit&quot;:&quot;px&quot;,&quot;size&quot;:&quot;&quot;,&quot;sizes&quot;:[]},&quot;gap_tablet&quot;:{&quot;unit&quot;:&quot;px&quot;,&quot;size&quot;:10,&quot;sizes&quot;:[]},&quot;gap_mobile&quot;:{&quot;unit&quot;:&quot;px&quot;,&quot;size&quot;:10,&quot;sizes&quot;:[]},&quot;link_to&quot;:&quot;file&quot;,&quot;overlay_background&quot;:&quot;yes&quot;,&quot;content_hover_animation&quot;:&quot;fade-in&quot;}\" data-widget_type=\"gallery.default\">\n\t\t\t\t<div class=\"elementor-widget-container\">\n\t\t\t\t\t\t\t<div class=\"elementor-gallery__container\">\n\t\t\t\t\t\t\t<a class=\"e-gallery-item elementor-gallery-item elementor-animated-content\" href=\"https:\/\/conquistadora.us\/wp-content\/uploads\/2025\/03\/proyecto_377.bmp\" data-elementor-open-lightbox=\"yes\" data-elementor-lightbox-slideshow=\"ec91eeb\" data-elementor-lightbox-title=\"proyecto_377\" data-e-action-hash=\"#elementor-action%3Aaction%3Dlightbox%26settings%3DeyJpZCI6NjM5LCJ1cmwiOiJodHRwczpcL1wvY29ucXVpc3RhZG9yYS51c1wvd3AtY29udGVudFwvdXBsb2Fkc1wvMjAyNVwvMDNcL3Byb3llY3RvXzM3Ny5ibXAiLCJzbGlkZXNob3ciOiJlYzkxZWViIn0%3D\">\n\t\t\t\t\t<div class=\"e-gallery-image elementor-gallery-item__image\" data-thumbnail=\"https:\/\/conquistadora.us\/wp-content\/uploads\/2025\/03\/proyecto_377-300x225.jpg\" data-width=\"300\" data-height=\"225\" aria-label=\"\" role=\"img\" ><\/div>\n\t\t\t\t\t\t\t\t\t\t\t<div class=\"elementor-gallery-item__overlay\"><\/div>\n\t\t\t\t\t\t\t\t\t\t\t\t\t\t<\/a>\n\t\t\t\t\t\t\t<a class=\"e-gallery-item elementor-gallery-item elementor-animated-content\" href=\"https:\/\/conquistadora.us\/wp-content\/uploads\/2025\/03\/el-porque-del-aislamiento.jpg\" data-elementor-open-lightbox=\"yes\" data-elementor-lightbox-slideshow=\"ec91eeb\" data-elementor-lightbox-title=\"el porque\u0301 del aislamiento\" data-e-action-hash=\"#elementor-action%3Aaction%3Dlightbox%26settings%3DeyJpZCI6NjQxLCJ1cmwiOiJodHRwczpcL1wvY29ucXVpc3RhZG9yYS51c1wvd3AtY29udGVudFwvdXBsb2Fkc1wvMjAyNVwvMDNcL2VsLXBvcnF1ZS1kZWwtYWlzbGFtaWVudG8uanBnIiwic2xpZGVzaG93IjoiZWM5MWVlYiJ9\">\n\t\t\t\t\t<div class=\"e-gallery-image elementor-gallery-item__image\" data-thumbnail=\"https:\/\/conquistadora.us\/wp-content\/uploads\/2025\/03\/el-porque-del-aislamiento-300x225.jpg\" data-width=\"300\" data-height=\"225\" aria-label=\"\" role=\"img\" ><\/div>\n\t\t\t\t\t\t\t\t\t\t\t<div class=\"elementor-gallery-item__overlay\"><\/div>\n\t\t\t\t\t\t\t\t\t\t\t\t\t\t<\/a>\n\t\t\t\t\t\t\t<a class=\"e-gallery-item elementor-gallery-item elementor-animated-content\" href=\"https:\/\/conquistadora.us\/wp-content\/uploads\/2025\/03\/mapa-mukila.jpg\" data-elementor-open-lightbox=\"yes\" data-elementor-lightbox-slideshow=\"ec91eeb\" data-elementor-lightbox-title=\"mapa mukila\" data-e-action-hash=\"#elementor-action%3Aaction%3Dlightbox%26settings%3DeyJpZCI6NjQzLCJ1cmwiOiJodHRwczpcL1wvY29ucXVpc3RhZG9yYS51c1wvd3AtY29udGVudFwvdXBsb2Fkc1wvMjAyNVwvMDNcL21hcGEtbXVraWxhLmpwZyIsInNsaWRlc2hvdyI6ImVjOTFlZWIifQ%3D%3D\">\n\t\t\t\t\t<div class=\"e-gallery-image elementor-gallery-item__image\" data-thumbnail=\"https:\/\/conquistadora.us\/wp-content\/uploads\/2025\/03\/mapa-mukila-300x212.jpg\" data-width=\"300\" data-height=\"212\" aria-label=\"\" role=\"img\" ><\/div>\n\t\t\t\t\t\t\t\t\t\t\t<div class=\"elementor-gallery-item__overlay\"><\/div>\n\t\t\t\t\t\t\t\t\t\t\t\t\t\t<\/a>\n\t\t\t\t\t<\/div>\n\t\t\t\t\t<\/div>\n\t\t\t\t<\/div>\n\t\t\t\t\t<\/div>\n\t\t<\/div>\n\t\t\t\t\t<\/div>\n\t\t<\/section>\n\t\t\t\t<section class=\"elementor-section elementor-top-section elementor-element elementor-element-c836663 elementor-section-boxed elementor-section-height-default elementor-section-height-default\" data-id=\"c836663\" data-element_type=\"section\" data-e-type=\"section\">\n\t\t\t\t\t\t<div class=\"elementor-container elementor-column-gap-default\">\n\t\t\t\t\t<div class=\"elementor-column elementor-col-100 elementor-top-column elementor-element elementor-element-10b8154\" data-id=\"10b8154\" data-element_type=\"column\" data-e-type=\"column\">\n\t\t\t<div class=\"elementor-widget-wrap elementor-element-populated\">\n\t\t\t\t\t\t<div class=\"elementor-element elementor-element-eb81bc6 elementor-invisible elementor-widget elementor-widget-heading\" data-id=\"eb81bc6\" data-element_type=\"widget\" data-e-type=\"widget\" data-settings=\"{&quot;_animation&quot;:&quot;fadeInUp&quot;}\" data-widget_type=\"heading.default\">\n\t\t\t\t<div class=\"elementor-widget-container\">\n\t\t\t\t\t<h3 class=\"elementor-heading-title elementor-size-default\">Primer Congreso para la Reunificaci\u00f3n de la Hispanidad<\/h3>\t\t\t\t<\/div>\n\t\t\t\t<\/div>\n\t\t\t\t<div class=\"elementor-element elementor-element-8c54248 elementor-widget elementor-widget-text-editor\" data-id=\"8c54248\" data-element_type=\"widget\" data-e-type=\"widget\" data-widget_type=\"text-editor.default\">\n\t\t\t\t<div class=\"elementor-widget-container\">\n\t\t\t\t\t\t\t\t\t<p>El a\u00f1o pasado, patrocinamos con orgullo el Primer Congreso para la Reunificaci\u00f3n de la Civilizaci\u00f3n Hisp\u00e1nica. Algunas de las voces m\u00e1s importantes se reunieron en Cartagena de Indias durante 5 d\u00edas para trabajar por la reunificaci\u00f3n de la Civilizaci\u00f3n Hisp\u00e1nica. <\/p>\t\t\t\t\t\t\t\t<\/div>\n\t\t\t\t<\/div>\n\t\t\t\t<div class=\"elementor-element elementor-element-6503736 elementor-widget__width-initial elementor-widget-tablet__width-inherit elementor-widget-mobile__width-inherit elementor-widget elementor-widget-video\" data-id=\"6503736\" data-element_type=\"widget\" data-e-type=\"widget\" data-settings=\"{&quot;youtube_url&quot;:&quot;https:\\\/\\\/youtu.be\\\/s9TseS6j-Co?si=XWF00GZAEPM3EUna&quot;,&quot;video_type&quot;:&quot;youtube&quot;,&quot;controls&quot;:&quot;yes&quot;}\" data-widget_type=\"video.default\">\n\t\t\t\t<div class=\"elementor-widget-container\">\n\t\t\t\t\t\t\t<div class=\"elementor-wrapper elementor-open-inline\">\n\t\t\t<div class=\"elementor-video\"><\/div>\t\t<\/div>\n\t\t\t\t\t\t<\/div>\n\t\t\t\t<\/div>\n\t\t\t\t\t<\/div>\n\t\t<\/div>\n\t\t\t\t\t<\/div>\n\t\t<\/section>\n\t\t\t\t<\/div>\n\t\t","protected":false},"excerpt":{"rendered":"<p>Proyectos Promover el Evangelio en Guinea Ecuatorial El padre Felix Ndong es un sacerdote cat\u00f3lico que atiende 14 parroquias en aldeas remotas: Su amor a Dios y a la Iglesia est\u00e1 profundamente arraigado. A pesar del abandono al que se han enfrentado, el pueblo sigue sinti\u00e9ndose espa\u00f1ol de coraz\u00f3n. A pesar de tener muy poco, [&hellip;]<\/p>\n","protected":false},"author":1,"featured_media":0,"parent":577,"menu_order":0,"comment_status":"closed","ping_status":"closed","template":"elementor_header_footer","meta":{"footnotes":""},"class_list":["post-542","page","type-page","status-publish","hentry"],"_links":{"self":[{"href":"https:\/\/conquistadora.us\/es\/wp-json\/wp\/v2\/pages\/542","targetHints":{"allow":["GET"]}}],"collection":[{"href":"https:\/\/conquistadora.us\/es\/wp-json\/wp\/v2\/pages"}],"about":[{"href":"https:\/\/conquistadora.us\/es\/wp-json\/wp\/v2\/types\/page"}],"author":[{"embeddable":true,"href":"https:\/\/conquistadora.us\/es\/wp-json\/wp\/v2\/users\/1"}],"replies":[{"embeddable":true,"href":"https:\/\/conquistadora.us\/es\/wp-json\/wp\/v2\/comments?post=542"}],"version-history":[{"count":8,"href":"https:\/\/conquistadora.us\/es\/wp-json\/wp\/v2\/pages\/542\/revisions"}],"predecessor-version":[{"id":754,"href":"https:\/\/conquistadora.us\/es\/wp-json\/wp\/v2\/pages\/542\/revisions\/754"}],"up":[{"embeddable":true,"href":"https:\/\/conquistadora.us\/es\/wp-json\/wp\/v2\/pages\/577"}],"wp:attachment":[{"href":"https:\/\/conquistadora.us\/es\/wp-json\/wp\/v2\/media?parent=542"}],"curies":[{"name":"wp","href":"https:\/\/api.w.org\/{rel}","templated":true}]}}