{"id":540,"date":"2025-02-03T14:49:09","date_gmt":"2025-02-03T14:49:09","guid":{"rendered":"https:\/\/conquistadora.us\/servicios\/"},"modified":"2025-05-16T01:38:21","modified_gmt":"2025-05-16T01:38:21","slug":"servicios","status":"publish","type":"page","link":"https:\/\/conquistadora.us\/es\/servicios\/","title":{"rendered":"Servicios"},"content":{"rendered":"\t\t<div data-elementor-type=\"wp-page\" data-elementor-id=\"540\" class=\"elementor elementor-540 elementor-344\" data-elementor-post-type=\"page\">\n\t\t\t\t<div class=\"elementor-element elementor-element-87087bf e-flex e-con-boxed e-con e-parent\" data-id=\"87087bf\" data-element_type=\"container\" data-e-type=\"container\">\n\t\t\t\t\t<div class=\"e-con-inner\">\n\t\t\t\t<div class=\"elementor-element elementor-element-3d44b65 elementor-widget elementor-widget-spacer\" data-id=\"3d44b65\" data-element_type=\"widget\" data-e-type=\"widget\" data-widget_type=\"spacer.default\">\n\t\t\t\t<div class=\"elementor-widget-container\">\n\t\t\t\t\t\t\t<div class=\"elementor-spacer\">\n\t\t\t<div class=\"elementor-spacer-inner\"><\/div>\n\t\t<\/div>\n\t\t\t\t\t\t<\/div>\n\t\t\t\t<\/div>\n\t\t\t\t<div class=\"elementor-element elementor-element-5bb830e elementor-widget elementor-widget-heading\" data-id=\"5bb830e\" data-element_type=\"widget\" data-e-type=\"widget\" data-widget_type=\"heading.default\">\n\t\t\t\t<div class=\"elementor-widget-container\">\n\t\t\t\t\t<h2 class=\"elementor-heading-title elementor-size-default\">Servicios<\/h2>\t\t\t\t<\/div>\n\t\t\t\t<\/div>\n\t\t\t\t<div class=\"elementor-element elementor-element-194d706 elementor-widget elementor-widget-text-editor\" data-id=\"194d706\" data-element_type=\"widget\" data-e-type=\"widget\" data-widget_type=\"text-editor.default\">\n\t\t\t\t<div class=\"elementor-widget-container\">\n\t\t\t\t\t\t\t\t\t<p class=\"p1\">El holding crea, invierte y desarrolla entidades, encontrando el socio m\u00e1s adecuado que aporte a Estados Unidos una larga y consistente trayectoria de \u00e9xito liderando su sector. El socio aporta su experiencia, mientras que Conquistadora aporta financiaci\u00f3n y trabaja como socio local para prestar los siguientes servicios, como accionista de la empresa y asumiendo el liderazgo:<\/p><ul class=\"ul1\"><li class=\"li2\">Constituci\u00f3n de la empresa,<\/li><li class=\"li2\">Personal local para Contabilidad y registro de Libros, Asesor\u00eda Fiscal, Asesor\u00eda Jur\u00eddica.<\/li><li class=\"li2\">Desarrollo de negocio.<\/li><li class=\"li2\">Estudios de mercado y ventas.<\/li><li class=\"li2\">Supervisar la inversi\u00f3n.<\/li><li class=\"li2\">Contrata a un equipo directivo.<\/li><li class=\"li2\">Formaci\u00f3n para los empleados.<\/li><li class=\"li2\">Gestionar la empresa.<\/li><\/ul><p> <\/p><p class=\"p1\">Conquistadora desempe\u00f1a el papel de incubadora de empresas con entidades extranjeras dispuestas a abrir en EEUU, y proporciona el capital inicial para que la sucursal estadounidense crezca hasta convertirse en empresas maduras.<\/p><p class=\"p1\">Cada empresa, con el asesoramiento del equipo directivo del holding, alimentar\u00e1 la satisfacci\u00f3n del cliente en lo siguiente:<\/p><ul class=\"ul1\"><li class=\"li2\">Dise\u00f1o, conceptos, ingenier\u00eda, gesti\u00f3n de proyectos.<\/li><li class=\"li2\">Inteligencia Artificial, soluciones tecnol\u00f3gicas, resoluci\u00f3n de problemas.<\/li><li class=\"li2\">Desarrollo de software.<\/li><li class=\"li2\">An\u00e1lisis de riesgos, estudios de mercado, innovaci\u00f3n.<\/li><li class=\"li2\">Estudios de eficiencia, sostenibilidad medioambiental.<\/li><li class=\"li2\">Ciberseguridad.<\/li><li>Tecnolog\u00eda Industrial y Automatizaci\u00f3n.<\/li><li>Cadena de suministro.<\/li><li>Desarrollo de aplicaciones.<\/li><\/ul>\t\t\t\t\t\t\t\t<\/div>\n\t\t\t\t<\/div>\n\t\t\t\t\t<\/div>\n\t\t\t\t<\/div>\n\t\t\t\t<\/div>\n\t\t","protected":false},"excerpt":{"rendered":"<p>Servicios El holding crea, invierte y desarrolla entidades, encontrando el socio m\u00e1s adecuado que aporte a Estados Unidos una larga y consistente trayectoria de \u00e9xito liderando su sector. El socio aporta su experiencia, mientras que Conquistadora aporta financiaci\u00f3n y trabaja como socio local para prestar los siguientes servicios, como accionista de la empresa y asumiendo [&hellip;]<\/p>\n","protected":false},"author":1,"featured_media":0,"parent":0,"menu_order":0,"comment_status":"closed","ping_status":"closed","template":"elementor_header_footer","meta":{"footnotes":""},"class_list":["post-540","page","type-page","status-publish","hentry"],"_links":{"self":[{"href":"https:\/\/conquistadora.us\/es\/wp-json\/wp\/v2\/pages\/540","targetHints":{"allow":["GET"]}}],"collection":[{"href":"https:\/\/conquistadora.us\/es\/wp-json\/wp\/v2\/pages"}],"about":[{"href":"https:\/\/conquistadora.us\/es\/wp-json\/wp\/v2\/types\/page"}],"author":[{"embeddable":true,"href":"https:\/\/conquistadora.us\/es\/wp-json\/wp\/v2\/users\/1"}],"replies":[{"embeddable":true,"href":"https:\/\/conquistadora.us\/es\/wp-json\/wp\/v2\/comments?post=540"}],"version-history":[{"count":4,"href":"https:\/\/conquistadora.us\/es\/wp-json\/wp\/v2\/pages\/540\/revisions"}],"predecessor-version":[{"id":748,"href":"https:\/\/conquistadora.us\/es\/wp-json\/wp\/v2\/pages\/540\/revisions\/748"}],"wp:attachment":[{"href":"https:\/\/conquistadora.us\/es\/wp-json\/wp\/v2\/media?parent=540"}],"curies":[{"name":"wp","href":"https:\/\/api.w.org\/{rel}","templated":true}]}}